{"id":445,"date":"2022-12-05T16:07:40","date_gmt":"2022-12-05T13:07:40","guid":{"rendered":"https:\/\/actmatik.com\/satis-noktalarimiz\/"},"modified":"2023-02-09T11:48:54","modified_gmt":"2023-02-09T08:48:54","slug":"satis-noktalarimiz","status":"publish","type":"page","link":"https:\/\/actmatik.com\/en\/satis-noktalarimiz\/","title":{"rendered":"Our Point Of Sales"},"content":{"rendered":"<p>Many people have a problem of trust in their domestic and international trade. This is where the ACT Group comes in. We successfully deal with every stage of exported products.<\/p>\n<p>As ACT Group company, we have delivered ACT products to more than 30 points of the world. At this point we have reached in 4 years, we continue to distribute our domestic products to the world. The ACT product, which reaches the homes of millions of people, protects the texture of your clothes as on the first day. Our product, which allows both whites and coloreds to use only one detergent, offers cost and ease of use to its users. In addition to being effective even in short programs and at low temperatures, our product spreads its fresh scent to the laundry.<\/p>\n<p>In addition to continuing to use our products in more than 30 countries, we have also been offered for sale in the Turkish market and offered price-performance compatibility to our users.<\/p>\n<p>&nbsp;<\/p>\n<p><img loading=\"lazy\" decoding=\"async\" class=\"wp-image-131 size-full aligncenter\" src=\"https:\/\/actmatik.com\/wp-content\/uploads\/2022\/12\/act-automat-world-map.png\" alt=\"\" width=\"1024\" height=\"550\" srcset=\"https:\/\/actmatik.com\/wp-content\/uploads\/2022\/12\/act-automat-world-map.png 1024w, https:\/\/actmatik.com\/wp-content\/uploads\/2022\/12\/act-automat-world-map-300x161.png 300w, https:\/\/actmatik.com\/wp-content\/uploads\/2022\/12\/act-automat-world-map-768x413.png 768w, https:\/\/actmatik.com\/wp-content\/uploads\/2022\/12\/act-automat-world-map-270x145.png 270w\" sizes=\"auto, (max-width: 1024px) 100vw, 1024px\" \/><\/p>\n<blockquote><p>We export to more than 30 points in the world!<\/p><\/blockquote>\n","protected":false},"excerpt":{"rendered":"<p>Many people have a problem of trust in their domestic and international trade. This is where the ACT Group comes in. We successfully deal with every stage of exported products. As ACT Group company, we have delivered ACT products to more than 30 points of the world. At this point we have reached in 4 [&hellip;]<\/p>\n","protected":false},"author":6,"featured_media":0,"parent":0,"menu_order":0,"comment_status":"closed","ping_status":"closed","template":"page-ihracat.php","meta":{"footnotes":""},"class_list":["post-445","page","type-page","status-publish","hentry"],"acf":[],"yoast_head":"<!-- This site is optimized with the Yoast SEO plugin v23.9 - https:\/\/yoast.com\/wordpress\/plugins\/seo\/ -->\n<title>Our Point Of Sales - ACT Automat<\/title>\n<meta name=\"robots\" content=\"index, follow, max-snippet:-1, max-image-preview:large, max-video-preview:-1\" \/>\n<link rel=\"canonical\" href=\"https:\/\/actmatik.com\/en\/satis-noktalarimiz\/\" \/>\n<meta property=\"og:locale\" content=\"en_US\" \/>\n<meta property=\"og:type\" content=\"article\" \/>\n<meta property=\"og:title\" content=\"Our Point Of Sales - ACT Automat\" \/>\n<meta property=\"og:description\" content=\"Many people have a problem of trust in their domestic and international trade. This is where the ACT Group comes in. We successfully deal with every stage of exported products. As ACT Group company, we have delivered ACT products to more than 30 points of the world. At this point we have reached in 4 [&hellip;]\" \/>\n<meta property=\"og:url\" content=\"https:\/\/actmatik.com\/en\/satis-noktalarimiz\/\" \/>\n<meta property=\"og:site_name\" content=\"ACT Automat\" \/>\n<meta property=\"article:modified_time\" content=\"2023-02-09T08:48:54+00:00\" \/>\n<meta property=\"og:image\" content=\"https:\/\/actmatik.com\/wp-content\/uploads\/2022\/12\/act-automat-world-map.png\" \/>\n\t<meta property=\"og:image:width\" content=\"1024\" \/>\n\t<meta property=\"og:image:height\" content=\"550\" \/>\n\t<meta property=\"og:image:type\" content=\"image\/png\" \/>\n<meta name=\"twitter:card\" content=\"summary_large_image\" \/>\n<meta name=\"twitter:label1\" content=\"Est. reading time\" \/>\n\t<meta name=\"twitter:data1\" content=\"1 minute\" \/>\n<script type=\"application\/ld+json\" class=\"yoast-schema-graph\">{\"@context\":\"https:\/\/schema.org\",\"@graph\":[{\"@type\":\"WebPage\",\"@id\":\"https:\/\/actmatik.com\/en\/satis-noktalarimiz\/\",\"url\":\"https:\/\/actmatik.com\/en\/satis-noktalarimiz\/\",\"name\":\"Our Point Of Sales - ACT Automat\",\"isPartOf\":{\"@id\":\"https:\/\/actmatik.com\/#website\"},\"primaryImageOfPage\":{\"@id\":\"https:\/\/actmatik.com\/en\/satis-noktalarimiz\/#primaryimage\"},\"image\":{\"@id\":\"https:\/\/actmatik.com\/en\/satis-noktalarimiz\/#primaryimage\"},\"thumbnailUrl\":\"https:\/\/actmatik.com\/wp-content\/uploads\/2022\/12\/act-automat-world-map.png\",\"datePublished\":\"2022-12-05T13:07:40+00:00\",\"dateModified\":\"2023-02-09T08:48:54+00:00\",\"breadcrumb\":{\"@id\":\"https:\/\/actmatik.com\/en\/satis-noktalarimiz\/#breadcrumb\"},\"inLanguage\":\"en-US\",\"potentialAction\":[{\"@type\":\"ReadAction\",\"target\":[\"https:\/\/actmatik.com\/en\/satis-noktalarimiz\/\"]}]},{\"@type\":\"ImageObject\",\"inLanguage\":\"en-US\",\"@id\":\"https:\/\/actmatik.com\/en\/satis-noktalarimiz\/#primaryimage\",\"url\":\"https:\/\/actmatik.com\/wp-content\/uploads\/2022\/12\/act-automat-world-map.png\",\"contentUrl\":\"https:\/\/actmatik.com\/wp-content\/uploads\/2022\/12\/act-automat-world-map.png\"},{\"@type\":\"BreadcrumbList\",\"@id\":\"https:\/\/actmatik.com\/en\/satis-noktalarimiz\/#breadcrumb\",\"itemListElement\":[{\"@type\":\"ListItem\",\"position\":1,\"name\":\"Home\",\"item\":\"https:\/\/actmatik.com\/\"},{\"@type\":\"ListItem\",\"position\":2,\"name\":\"Our Point Of Sales\"}]},{\"@type\":\"WebSite\",\"@id\":\"https:\/\/actmatik.com\/#website\",\"url\":\"https:\/\/actmatik.com\/\",\"name\":\"ACT Automat\",\"description\":\"Uygun Fiyata Etkili \u00c7\u00f6z\u00fcm!\",\"potentialAction\":[{\"@type\":\"SearchAction\",\"target\":{\"@type\":\"EntryPoint\",\"urlTemplate\":\"https:\/\/actmatik.com\/?s={search_term_string}\"},\"query-input\":{\"@type\":\"PropertyValueSpecification\",\"valueRequired\":true,\"valueName\":\"search_term_string\"}}],\"inLanguage\":\"en-US\"}]}<\/script>\n<!-- \/ Yoast SEO plugin. -->","yoast_head_json":{"title":"Our Point Of Sales - ACT Automat","robots":{"index":"index","follow":"follow","max-snippet":"max-snippet:-1","max-image-preview":"max-image-preview:large","max-video-preview":"max-video-preview:-1"},"canonical":"https:\/\/actmatik.com\/en\/satis-noktalarimiz\/","og_locale":"en_US","og_type":"article","og_title":"Our Point Of Sales - ACT Automat","og_description":"Many people have a problem of trust in their domestic and international trade. This is where the ACT Group comes in. We successfully deal with every stage of exported products. As ACT Group company, we have delivered ACT products to more than 30 points of the world. At this point we have reached in 4 [&hellip;]","og_url":"https:\/\/actmatik.com\/en\/satis-noktalarimiz\/","og_site_name":"ACT Automat","article_modified_time":"2023-02-09T08:48:54+00:00","og_image":[{"width":1024,"height":550,"url":"https:\/\/actmatik.com\/wp-content\/uploads\/2022\/12\/act-automat-world-map.png","type":"image\/png"}],"twitter_card":"summary_large_image","twitter_misc":{"Est. reading time":"1 minute"},"schema":{"@context":"https:\/\/schema.org","@graph":[{"@type":"WebPage","@id":"https:\/\/actmatik.com\/en\/satis-noktalarimiz\/","url":"https:\/\/actmatik.com\/en\/satis-noktalarimiz\/","name":"Our Point Of Sales - ACT Automat","isPartOf":{"@id":"https:\/\/actmatik.com\/#website"},"primaryImageOfPage":{"@id":"https:\/\/actmatik.com\/en\/satis-noktalarimiz\/#primaryimage"},"image":{"@id":"https:\/\/actmatik.com\/en\/satis-noktalarimiz\/#primaryimage"},"thumbnailUrl":"https:\/\/actmatik.com\/wp-content\/uploads\/2022\/12\/act-automat-world-map.png","datePublished":"2022-12-05T13:07:40+00:00","dateModified":"2023-02-09T08:48:54+00:00","breadcrumb":{"@id":"https:\/\/actmatik.com\/en\/satis-noktalarimiz\/#breadcrumb"},"inLanguage":"en-US","potentialAction":[{"@type":"ReadAction","target":["https:\/\/actmatik.com\/en\/satis-noktalarimiz\/"]}]},{"@type":"ImageObject","inLanguage":"en-US","@id":"https:\/\/actmatik.com\/en\/satis-noktalarimiz\/#primaryimage","url":"https:\/\/actmatik.com\/wp-content\/uploads\/2022\/12\/act-automat-world-map.png","contentUrl":"https:\/\/actmatik.com\/wp-content\/uploads\/2022\/12\/act-automat-world-map.png"},{"@type":"BreadcrumbList","@id":"https:\/\/actmatik.com\/en\/satis-noktalarimiz\/#breadcrumb","itemListElement":[{"@type":"ListItem","position":1,"name":"Home","item":"https:\/\/actmatik.com\/"},{"@type":"ListItem","position":2,"name":"Our Point Of Sales"}]},{"@type":"WebSite","@id":"https:\/\/actmatik.com\/#website","url":"https:\/\/actmatik.com\/","name":"ACT Automat","description":"Uygun Fiyata Etkili \u00c7\u00f6z\u00fcm!","potentialAction":[{"@type":"SearchAction","target":{"@type":"EntryPoint","urlTemplate":"https:\/\/actmatik.com\/?s={search_term_string}"},"query-input":{"@type":"PropertyValueSpecification","valueRequired":true,"valueName":"search_term_string"}}],"inLanguage":"en-US"}]}},"_links":{"self":[{"href":"https:\/\/actmatik.com\/en\/wp-json\/wp\/v2\/pages\/445","targetHints":{"allow":["GET"]}}],"collection":[{"href":"https:\/\/actmatik.com\/en\/wp-json\/wp\/v2\/pages"}],"about":[{"href":"https:\/\/actmatik.com\/en\/wp-json\/wp\/v2\/types\/page"}],"author":[{"embeddable":true,"href":"https:\/\/actmatik.com\/en\/wp-json\/wp\/v2\/users\/6"}],"replies":[{"embeddable":true,"href":"https:\/\/actmatik.com\/en\/wp-json\/wp\/v2\/comments?post=445"}],"version-history":[{"count":2,"href":"https:\/\/actmatik.com\/en\/wp-json\/wp\/v2\/pages\/445\/revisions"}],"predecessor-version":[{"id":447,"href":"https:\/\/actmatik.com\/en\/wp-json\/wp\/v2\/pages\/445\/revisions\/447"}],"wp:attachment":[{"href":"https:\/\/actmatik.com\/en\/wp-json\/wp\/v2\/media?parent=445"}],"curies":[{"name":"wp","href":"https:\/\/api.w.org\/{rel}","templated":true}]}}